{"id":3,"date":"2020-06-11T16:56:21","date_gmt":"2020-06-11T16:56:21","guid":{"rendered":"https:\/\/iddiom.com\/?page_id=3"},"modified":"2022-01-17T11:08:55","modified_gmt":"2022-01-17T11:08:55","slug":"privacidad-cookies","status":"publish","type":"page","link":"https:\/\/iddiom.com\/es\/privacidad-cookies\/","title":{"rendered":"Pol\u00edtica de Privacidad y Cookies"},"content":{"rendered":"\n<p> https:\/\/iddiom.com.<\/p>\n\n\n\n<h2 class=\"wp-block-heading\">Pol\u00edtica de Cookies<\/h2>\n\n\n\n<h3 class=\"wp-block-heading\">Iddiom<\/h3>\n\n\n\n<p>www.iddiom.com<\/p>\n\n\n\n<p>Versi\u00f3n de octubre de 2020<\/p>\n\n\n\n<p>Desde iddiom se le informa de que a trav\u00e9s de las cookies que usamos no recogemos ni recabamos datos personales de nuestros Usuarios. La finalidad de las cookies es ofrecerle una \u00f3ptima experiencia de navegaci\u00f3n y mejorar nuestros servicios en funci\u00f3n de los usos que les d\u00e9 a los contenidos publicados o los accesos que haga a los diferentes apartados de la misma.<\/p>\n\n\n\n<p>1. Informaci\u00f3n General<\/p>\n\n\n\n<p>a) Lo que debe saber sobres las Cookies<\/p>\n\n\n\n<p>Las cookies son peque\u00f1os archivos que guardan informaci\u00f3n en los dispositivos m\u00f3viles de los Usuarios que usan nuestra plataforma o nuestro blog.<\/p>\n\n\n\n<p>Las cookies se asocian con el navegador de un ordenador o dispositivo determinado. Gracias a ellas, resulta posible que iddiom reconozca los navegadores de los Usuarios despu\u00e9s de que \u00e9stos hayan visitado la Web por primera vez, determinando as\u00ed sus preferencias de navegaci\u00f3n y, a partir de ello, evaluarlas, pudiendo utilizarlas como indicadores para mejorar nuestro contenido y navegaci\u00f3n en la Web.<\/p>\n\n\n\n<p>b) Las cookies que utilizamos en iddiom<\/p>\n\n\n\n<p>En el cuadro que aparece a continuaci\u00f3n se incluyen los detalles, finalidad, el tipo y las clases de cookies que hemos implementado en nuestra plataforma. Para su comprensi\u00f3n, es necesario que conozca la definici\u00f3n de las cookies propias y de terceros:<\/p>\n\n\n\n<p>Cookies de terceros: son gestionadas por otras empresas e instaladas desde sus equipos y\/o dominios a su equipo terminal.<\/p>\n\n\n\n<p>Cookies Propias: son gestionadas por nuestra empresa e instaladas desde nuestros ordenadores a su equipo terminal.<\/p>\n\n\n\n<p>2. COOKIES UTILIZADAS<\/p>\n\n\n\n<p>2.1. Tipo de cookies que utilizamos<\/p>\n\n\n\n<p>Cookie id. Finalidad Fecha de Caducidad Propia o de terceros Responsable<\/p>\n\n\n\n<p>PHPSESSID Preferencia de idioma de navegaci\u00f3n y el correcto funcionamiento del sitio web. Sesi\u00f3n activa Propia iddiom<\/p>\n\n\n\n<p>_ga Seguimiento estad\u00edstico de las visitas y distinci\u00f3n de usuarios 2 a\u00f1os De terceros Google<\/p>\n\n\n\n<p>__atuvc Contador de veces que se ha compartido contenido. 2 a\u00f1os De terceros Addthis<\/p>\n\n\n\n<p>msgcookie Controlar la aparici\u00f3n del mensaje de alerta de cookies y confirmaci\u00f3n de aceptaci\u00f3n de cookies 1 a\u00f1o Propia iddiom<\/p>\n\n\n\n<p>_gat Seguimiento estad\u00edstico de las visitas. 1 minuto De terceros Google<\/p>\n\n\n\n<p>_gid Distinci\u00f3n de los usuarios. 24 horas De terceros Google<\/p>\n\n\n\n<p>2.2. Advertencia sobre el uso de cookies y otras t\u00e9cnicas de spamming<\/p>\n\n\n\n<p>Como Usuario queda informado de la presencia de cookies en esta plataforma con el fin de facilitar el uso y navegaci\u00f3n por la misma. Ahora bien, tiene la posibilidad de configurar su navegador para ser avisado en pantalla de la recepci\u00f3n de cookies y para impedir la instalaci\u00f3n de las mismas en su disco duro.<\/p>\n\n\n\n<p>Si tiene dudas, en el punto 4 de este documento tiene m\u00e1s informaci\u00f3n. Tambi\u00e9n puede consultar las instrucciones y manuales de su navegador para ampliar esta informaci\u00f3n.<\/p>\n\n\n\n<p>Para utilizar nuestra P\u00e1gina Web o utilizar la plataforma no resulta necesario que permita la instalaci\u00f3n de cookies, sin perjuicio de que por ello suceda que no pueda acceder a algunos de los servicios o apartados de la Web.<\/p>\n\n\n\n<p>Se le informa tambi\u00e9n de que iddiom no utiliza t\u00e9cnicas de \u201cspamming\u201d y que \u00fanicamente tratar\u00e1 los datos que el Usuario transmita mediante el uso de los formularios electr\u00f3nicos de contacto, mensajes de correo electr\u00f3nico o contenidos facilitados a trav\u00e9s de los servicios de la P\u00e1gina Web, para las finalidades expresadas en nuestro Aviso Legal y en nuestra Pol\u00edtica de Privacidad.<\/p>\n\n\n\n<p>3. La aceptaci\u00f3n de las Cookies en nuestra plataforma<\/p>\n\n\n\n<p>La Ley 34\/2002, de 11 de julio, de Servicios de la Sociedad de la Informaci\u00f3n y de Comercio Electr\u00f3nico (en adelante, LSSICE), en relaci\u00f3n con las cookies, exige que los Usuarios sean informados con car\u00e1cter previo a la experiencia de navegaci\u00f3n en la plataforma sobre el uso, tipo y finalidad de las cookies. \u00c9sa es la raz\u00f3n por la que hemos implementado un aviso informativo que se despliega una vez accede a nuestra plataforma, inform\u00e1ndole de manera previa y expresa, cumpliendo con dicho precepto legal.<\/p>\n\n\n\n<p>Es importante que tenga en cuenta que en este aviso encontrar\u00e1 dos opciones: la primera, que le permitir\u00e1 acceder a este texto informativo, y la segunda, que podr\u00e1 usar para aceptar la instalaci\u00f3n de las cookies en su equipo terminal.<\/p>\n\n\n\n<p>En calidad de Usuario, si omite la aceptaci\u00f3n del uso de las cookies y contin\u00faa navegando en nuestra plataforma, entenderemos que existe un consentimiento t\u00e1cito por su parte para<\/p>\n\n\n\n<p>poder aplicar y utilizar las cookies descritas en el apartado anterior y, con ello, daremos cumplimiento a lo exigido por la LSSICE.<\/p>\n\n\n\n<p>4. \u00bfC\u00f3mo puede desinstalar las cookies desde Su navegador?<\/p>\n\n\n\n<p>Si desea desinstalar las cookies desde su navegador le indicamos algunos enlaces que podr\u00e1 consultar en funci\u00f3n del tipo de navegador que tenga instalado en su equipo terminal.<\/p>\n\n\n\n<p>En Google Chrome: https:\/\/support.google.com\/chrome\/answer\/95647?hl=es<\/p>\n\n\n\n<p>En Safari: https:\/\/support.apple.com\/kb\/ph5042<\/p>\n\n\n\n<p>En Mozilla Firefox: https:\/\/support.mozilla.org\/en-US\/kb\/disable-third-party-cookies<\/p>\n\n\n\n<p>En Internet Explorer: http:\/\/windows.microsoft.com\/en-US\/windows-vista\/block-or-allow-cookies<\/p>\n\n\n\n<p>En Opera: http:\/\/www.opera.com\/help\/tutorials\/security\/privacy\/<\/p>\n\n\n\n<p>Le advertimos que, despu\u00e9s de realizar el proceso de desinstalaci\u00f3n de cookies desde su navegador, ello puede dificultarle o impedirle el acceso o navegaci\u00f3n a determinadas partes de nuestra P\u00e1gina Web.<\/p>\n\n\n\n<p>5. Sobre las cookies de las redes sociales<\/p>\n\n\n\n<p>Finalmente, queremos advertirle de que nuestra plataforma no administra las redes sociales o plataforma de terceros donde iddiom pueda tener presencia, como Instagram y Facebook, con lo cual tampoco es responsable de las cookies que instalan dichas plataformas.<\/p>\n\n\n\n<p>En calidad de Usuario de nuestra plataforma online, est\u00e1 obligado a consultar las pol\u00edticas de privacidad y cookies de dicha red social para estar al corriente del tipo y finalidades y decidir aceptarlas o rechazarlas.<\/p>\n\n\n\n<p>Cookies utilizadas por Facebook: https:\/\/www.facebook.com\/help\/cookies\/<\/p>\n\n\n\n<p>Cookies utilizadas por Instagram: https:\/\/help.instagram.com\/1896641480634370?ref=ig<\/p>\n\n\n\n<h2 class=\"wp-block-heading\">AVISO LEGAL Y POL\u00cdTICA DE PRIVACIDAD<\/h2>\n\n\n\n<p>Identificaci\u00f3n:<\/p>\n\n\n\n<p>En cumplimiento de lo que prev\u00e9 el art\u00edculo 10 de la Ley 34\/2002, de 11 de julio, de Servicios de la Sociedad de la Informaci\u00f3n y Comercio Electr\u00f3nico, se informa que www.iddiom.com; es un dominio perteneciente a Alexandra Mary Sawyer, con domicilio social en <em>Paseo Regino Sainz de la Maza, 2,<\/em> Burgos; tel\u00e9fono +34 605780324 y correo electr\u00f3nico traducciones@iddiom.com<\/p>\n\n\n\n<h2 class=\"wp-block-heading\">POL\u00cdTICA DE PRIVACIDAD DEL SITIO WEB Y APLICACIONES<\/h2>\n\n\n\n<p>Al utilizar el presente Sitio web, las Aplicaciones, y\/o al comunicarse electr\u00f3nicamente con iddiom; a trav\u00e9s de su web www.iddiom.com se recogen y se tratan los datos personales que se solicitan al Usuario. Los datos suministrados por el Usuario quedar\u00e1n incorporados a un fichero automatizado de datos de car\u00e1cter personal, titularidad de Alexandra Mary Sawyer; el cual ser\u00e1 procesado con el fin de prestar los servicios solicitados por el Usuario. El usuario autoriza el tratamiento automatizado de los datos personales suministrados, necesarios para la prestaci\u00f3n de los servicios pactados, los cuales se rigen por la presente pol\u00edtica de privacidad.<\/p>\n\n\n\n<p>La informaci\u00f3n personal recogida de los usuarios registrados se almacena en una base de datos propiedad de Alexandra Mary Sawyer, que asume las medidas de \u00edndole t\u00e9cnica, organizativa y de seguridad que garanticen la confidencialidad e integridad de la informaci\u00f3n de acuerdo con lo que establece el Reglamento de Protecci\u00f3n de Datos de Car\u00e1cter Personal-RGPD 2016\/679 y la Ley Org\u00e1nica de Protecci\u00f3n de Datos y Garant\u00edas Digitales LOPDGDD 3\/2018, de 5 de diciembre.<\/p>\n\n\n\n<p>iddiom, a trav\u00e9s de su web, utilizar\u00e1 los datos suministrados por el Usuario de manera interna para dar a conocer al Usuario ofertas y servicios que pudiera considerar de inter\u00e9s para el mismo. En cualquier caso, sus datos ser\u00e1n tratados con un nivel de protecci\u00f3n seg\u00fan las normas aplicables sobre Protecci\u00f3n de Datos y no se someter\u00e1n a decisiones automatizadas.<\/p>\n\n\n\n<p>El responsable del tratamiento de los datos personales que el Usuario facilite al acceder y utilizar el Sitio web y las Aplicaciones es Alexandra Mary Sawyer; con domicilio social a estos efectos en: <em>Paseo Regino Sainz de la Maza, 2,<\/em> Burgos.<\/p>\n\n\n\n<p>La legitimaci\u00f3n para el tratamiento es el inter\u00e9s leg\u00edtimo de Alexandra Mary Sawyer, al mantener la relaci\u00f3n existente con el Usuario y, si procede, su consentimiento. Por lo tanto, Alexandra Mary Sawyer recoger\u00e1 y mantendr\u00e1 sus datos mientras la relaci\u00f3n sea vigente y, si procede, el Usuario no revoque el consentimiento que ha prestado al tratamiento de sus datos. En todo caso, cuando los datos personales no sean necesarios para el fin para el cual fueron recogidos y mientras no se proceda a la cancelaci\u00f3n definitiva de los mismos, se conservar\u00e1n de forma bloqueada.<\/p>\n\n\n\n<p>Cualquier usuario registrado puede en cualquier momento ejercer el derecho a acceder, rectificar y, si procede, cancelar sus datos de car\u00e1cter personal suministrados a la web www.iddiom.com, mediante comunicaci\u00f3n escrita dirigida a Alexandra Mary Sawyer, a la direcci\u00f3n <em>Paseo Regino Sainz de la Maza, 2<\/em>, Burgos. Esta comunicaci\u00f3n tambi\u00e9n se podr\u00e1 realizar mediante el env\u00edo de un correo electr\u00f3nico a la direcci\u00f3n: administracion@iddiom.com.<\/p>\n\n\n\n<p>El usuario se compromete a notificar cualquier cambio o modificaci\u00f3n de los datos personales que haya facilitado. Cualquier p\u00e9rdida o da\u00f1o causado al Sitio web o para agentes, a Alexandra Mary Sawyer; o de cualquier tercero mediante la comunicaci\u00f3n de informaci\u00f3n err\u00f3nea, inexacta o incompleta ser\u00e1 responsabilidad \u00fanica y exclusiva del Usuario.<\/p>\n\n\n\n<h2 class=\"wp-block-heading\">FORMULARIOS DE CONTACTO<\/h2>\n\n\n\n<p>En conformidad con lo que dispone el RGPD UE-2016\/679 y la Ley Org\u00e1nica LOPDGDD 3\/2018, de 5 de diciembre, de Protecci\u00f3n de Datos y Garant\u00eda de Derechos Digitales; le informamos que sus datos personales son incorporados en ficheros titularidad de Alexandra Mary Sawyer, con el fin de poder atender adecuadamente sus peticiones de informaci\u00f3n y elaborar los presupuestos que puedan solicitarnos. Para ejercer el derecho a acceder, rectificar y, si procede, cancelar sus datos de car\u00e1cter personal suministrados tal como contempla la Ley puede dirigirse mediante escrito a: Alexandra Mary Sawyer, a la direcci\u00f3n <em>Paseo Regino Sainz de la Maza, 2,<\/em> Burgos; \u201cRef. Protecci\u00f3n de Datos\u201d o al correo electr\u00f3nico: <strong>administracion@iddiom.com.<\/strong><\/p>\n","protected":false},"excerpt":{"rendered":"<p>https:\/\/iddiom.com. Pol\u00edtica de Cookies Iddiom www.iddiom.com Versi\u00f3n de octubre de 2020 Desde iddiom se le informa de que a trav\u00e9s de las cookies que usamos no recogemos ni recabamos datos personales de nuestros Usuarios. La finalidad de las cookies es ofrecerle una \u00f3ptima experiencia de navegaci\u00f3n y mejorar nuestros servicios en funci\u00f3n de los usos&hellip; <a class=\"more-link\" href=\"https:\/\/iddiom.com\/es\/privacidad-cookies\/\"> Read More<i class=\"fa fa-angle-double-right\"><\/i><\/a><\/p>\n","protected":false},"author":1,"featured_media":0,"parent":0,"menu_order":0,"comment_status":"closed","ping_status":"closed","template":"","meta":{"pagelayer_contact_templates":[],"_pagelayer_content":"","_genesis_hide_title":false,"_genesis_hide_breadcrumbs":false,"_genesis_hide_singular_image":false,"_genesis_hide_footer_widgets":false,"_genesis_custom_body_class":"","_genesis_custom_post_class":"","_genesis_layout":"","footnotes":""},"class_list":{"0":"post-3","1":"page","2":"type-page","3":"status-publish","5":"entry"},"_links":{"self":[{"href":"https:\/\/iddiom.com\/es\/wp-json\/wp\/v2\/pages\/3","targetHints":{"allow":["GET"]}}],"collection":[{"href":"https:\/\/iddiom.com\/es\/wp-json\/wp\/v2\/pages"}],"about":[{"href":"https:\/\/iddiom.com\/es\/wp-json\/wp\/v2\/types\/page"}],"author":[{"embeddable":true,"href":"https:\/\/iddiom.com\/es\/wp-json\/wp\/v2\/users\/1"}],"replies":[{"embeddable":true,"href":"https:\/\/iddiom.com\/es\/wp-json\/wp\/v2\/comments?post=3"}],"version-history":[{"count":6,"href":"https:\/\/iddiom.com\/es\/wp-json\/wp\/v2\/pages\/3\/revisions"}],"predecessor-version":[{"id":5833,"href":"https:\/\/iddiom.com\/es\/wp-json\/wp\/v2\/pages\/3\/revisions\/5833"}],"wp:attachment":[{"href":"https:\/\/iddiom.com\/es\/wp-json\/wp\/v2\/media?parent=3"}],"curies":[{"name":"wp","href":"https:\/\/api.w.org\/{rel}","templated":true}]}}